{"id":572,"date":"2025-10-05T19:43:26","date_gmt":"2025-10-05T19:43:26","guid":{"rendered":"https:\/\/newexchangecenter.com\/?page_id=572"},"modified":"2025-10-27T22:02:42","modified_gmt":"2025-10-27T22:02:42","slug":"requisitos","status":"publish","type":"page","link":"https:\/\/newexchangecenter.com\/en\/requisitos\/","title":{"rendered":"Requirements"},"content":{"rendered":"<div data-elementor-type=\"wp-page\" data-elementor-id=\"572\" class=\"elementor elementor-572\" data-elementor-post-type=\"page\">\n\t\t\t\t<div class=\"elementor-element elementor-element-3525b36 e-con-full e-flex e-con e-parent\" data-id=\"3525b36\" data-element_type=\"container\" data-settings=\"{&quot;background_background&quot;:&quot;classic&quot;}\">\n\t\t\t\t<div class=\"elementor-element elementor-element-124f838 elementor-widget elementor-widget-spacer\" data-id=\"124f838\" data-element_type=\"widget\" data-widget_type=\"spacer.default\">\n\t\t\t\t\t\t\t<div class=\"elementor-spacer\">\n\t\t\t<div class=\"elementor-spacer-inner\"><\/div>\n\t\t<\/div>\n\t\t\t\t\t\t<\/div>\n\t\t\t\t<div class=\"elementor-element elementor-element-511da6e elementor-widget elementor-widget-heading\" data-id=\"511da6e\" data-element_type=\"widget\" data-widget_type=\"heading.default\">\n\t\t\t\t\t<h1 class=\"elementor-heading-title elementor-size-default\">Exchange Transaction Requirements<\/h1>\t\t\t\t<\/div>\n\t\t\t\t<div class=\"elementor-element elementor-element-33ead0e elementor-widget elementor-widget-spacer\" data-id=\"33ead0e\" data-element_type=\"widget\" data-widget_type=\"spacer.default\">\n\t\t\t\t\t\t\t<div class=\"elementor-spacer\">\n\t\t\t<div class=\"elementor-spacer-inner\"><\/div>\n\t\t<\/div>\n\t\t\t\t\t\t<\/div>\n\t\t\t\t<\/div>\n\t\t<div class=\"elementor-element elementor-element-f34b41c e-flex e-con-boxed e-con e-parent\" data-id=\"f34b41c\" data-element_type=\"container\" data-settings=\"{&quot;background_background&quot;:&quot;classic&quot;}\">\n\t\t\t\t\t<div class=\"e-con-inner\">\n\t\t\t\t<div class=\"elementor-element elementor-element-f3996b4 elementor-widget elementor-widget-text-editor\" data-id=\"f3996b4\" data-element_type=\"widget\" data-widget_type=\"text-editor.default\">\n\t\t\t\t\t\t\t\t\t<p>At <b>New Exchange Center<\/b>, We are committed to security and transparency in all our operations. In order to comply with current Colombian regulations and guarantee our clients' peace of mind, we have established the following requirements for foreign exchange transactions.<\/p><p>Our process is designed to be fast and safe, always complying with the guidelines of the <b>DIAN<\/b> and the <b>UIAF<\/b> (Financial Information and Analysis Unit).<\/p>\t\t\t\t\t\t\t\t<\/div>\n\t\t\t\t\t<\/div>\n\t\t\t\t<\/div>\n\t\t<div class=\"elementor-element elementor-element-83abd0c e-flex e-con-boxed e-con e-parent\" data-id=\"83abd0c\" data-element_type=\"container\">\n\t\t\t\t\t<div class=\"e-con-inner\">\n\t\t<div class=\"elementor-element elementor-element-74d6041 e-con-full e-flex e-con e-child\" data-id=\"74d6041\" data-element_type=\"container\">\n\t\t<div class=\"elementor-element elementor-element-fcdfdb3 e-con-full e-flex e-con e-child\" data-id=\"fcdfdb3\" data-element_type=\"container\">\n\t\t\t\t<div class=\"elementor-element elementor-element-cf60116 elementor-widget elementor-widget-image\" data-id=\"cf60116\" data-element_type=\"widget\" data-widget_type=\"image.default\">\n\t\t\t\t\t\t\t\t\t\t\t\t\t\t\t<img fetchpriority=\"high\" decoding=\"async\" width=\"800\" height=\"1000\" src=\"https:\/\/newexchangecenter.com\/wp-content\/uploads\/2025\/10\/Diseno-sin-titulo-48.png\" class=\"attachment-large size-large wp-image-592\" alt=\"\" srcset=\"https:\/\/newexchangecenter.com\/wp-content\/uploads\/2025\/10\/Diseno-sin-titulo-48.png 800w, https:\/\/newexchangecenter.com\/wp-content\/uploads\/2025\/10\/Diseno-sin-titulo-48-240x300.png 240w, https:\/\/newexchangecenter.com\/wp-content\/uploads\/2025\/10\/Diseno-sin-titulo-48-768x960.png 768w\" sizes=\"(max-width: 800px) 100vw, 800px\" \/>\t\t\t\t\t\t\t\t\t\t\t\t\t\t\t<\/div>\n\t\t\t\t<\/div>\n\t\t\t\t<\/div>\n\t\t<div class=\"elementor-element elementor-element-f7bb8a0 e-con-full e-flex e-con e-child\" data-id=\"f7bb8a0\" data-element_type=\"container\">\n\t\t\t\t<div class=\"elementor-element elementor-element-900ad6b elementor-widget elementor-widget-heading\" data-id=\"900ad6b\" data-element_type=\"widget\" data-widget_type=\"heading.default\">\n\t\t\t\t\t<h1 class=\"elementor-heading-title elementor-size-default\">Requirements for Individuals<\/h1>\t\t\t\t<\/div>\n\t\t\t\t<div class=\"elementor-element elementor-element-715af6a elementor-widget elementor-widget-text-editor\" data-id=\"715af6a\" data-element_type=\"widget\" data-widget_type=\"text-editor.default\">\n\t\t\t\t\t\t\t\t\t<p>Los documentos aceptados son:<\/p>\t\t\t\t\t\t\t\t<\/div>\n\t\t\t\t<div class=\"elementor-element elementor-element-7e36221 elementor-widget elementor-widget-text-editor\" data-id=\"7e36221\" data-element_type=\"widget\" data-widget_type=\"text-editor.default\">\n\t\t\t\t\t\t\t\t\t<ul><li><p>Registro civil de nacimiento<\/p><\/li><li><p>Tarjeta de identidad<\/p><\/li><li><p>Cedula de ciudadan\u00eda<\/p><\/li><li><p>Documento de identidad extranjero<\/p><\/li><li><p>Tarjeta de extranjer\u00eda o pasaporte.<\/p><\/li><\/ul>\t\t\t\t\t\t\t\t<\/div>\n\t\t\t\t<\/div>\n\t\t\t\t\t<\/div>\n\t\t\t\t<\/div>\n\t\t<div class=\"elementor-element elementor-element-c3a07fa e-flex e-con-boxed e-con e-parent\" data-id=\"c3a07fa\" data-element_type=\"container\">\n\t\t\t\t\t<div class=\"e-con-inner\">\n\t\t<div class=\"elementor-element elementor-element-832f874 e-con-full e-flex e-con e-child\" data-id=\"832f874\" data-element_type=\"container\">\n\t\t\t\t<div class=\"elementor-element elementor-element-43dcda3 elementor-widget elementor-widget-image\" data-id=\"43dcda3\" data-element_type=\"widget\" data-widget_type=\"image.default\">\n\t\t\t\t\t\t\t\t\t\t\t\t\t\t\t<img decoding=\"async\" width=\"683\" height=\"1024\" src=\"https:\/\/newexchangecenter.com\/wp-content\/uploads\/2025\/10\/Diseno-sin-titulo-49-683x1024.png\" class=\"attachment-large size-large wp-image-591\" alt=\"\" srcset=\"https:\/\/newexchangecenter.com\/wp-content\/uploads\/2025\/10\/Diseno-sin-titulo-49-683x1024.png 683w, https:\/\/newexchangecenter.com\/wp-content\/uploads\/2025\/10\/Diseno-sin-titulo-49-200x300.png 200w, https:\/\/newexchangecenter.com\/wp-content\/uploads\/2025\/10\/Diseno-sin-titulo-49-768x1152.png 768w, https:\/\/newexchangecenter.com\/wp-content\/uploads\/2025\/10\/Diseno-sin-titulo-49.png 800w\" sizes=\"(max-width: 683px) 100vw, 683px\" \/>\t\t\t\t\t\t\t\t\t\t\t\t\t\t\t<\/div>\n\t\t\t\t<\/div>\n\t\t<div class=\"elementor-element elementor-element-794f9a2 e-con-full e-flex e-con e-child\" data-id=\"794f9a2\" data-element_type=\"container\">\n\t\t\t\t<div class=\"elementor-element elementor-element-479bce2 elementor-widget__width-initial elementor-widget elementor-widget-heading\" data-id=\"479bce2\" data-element_type=\"widget\" data-widget_type=\"heading.default\">\n\t\t\t\t\t<h1 class=\"elementor-heading-title elementor-size-default\">Requirements for Legal Entities (Companies)\n<\/h1>\t\t\t\t<\/div>\n\t\t\t\t<div class=\"elementor-element elementor-element-f556b14 elementor-widget elementor-widget-text-editor\" data-id=\"f556b14\" data-element_type=\"widget\" data-widget_type=\"text-editor.default\">\n\t\t\t\t\t\t\t\t\t<p>Se requiere presentar los siguientes documentos<\/p>\t\t\t\t\t\t\t\t<\/div>\n\t\t\t\t<div class=\"elementor-element elementor-element-b6e00e7 elementor-widget__width-initial elementor-widget elementor-widget-text-editor\" data-id=\"b6e00e7\" data-element_type=\"widget\" data-widget_type=\"text-editor.default\">\n\t\t\t\t\t\t\t\t\t<ul><li><p>Certificado c\u00e1mara de comercio.<\/p><\/li><li><p>RUT.<\/p><\/li><li><p>Cedula del representante legal.<\/p><\/li><li><p>Certificado de composici\u00f3n accionaria.<\/p><\/li><li><p>Carta de autorizaci\u00f3n para la persona que realizara la operaci\u00f3n en nombre de la empresa.<br \/><br \/><\/p><\/li><\/ul>\t\t\t\t\t\t\t\t<\/div>\n\t\t\t\t<\/div>\n\t\t\t\t\t<\/div>\n\t\t\t\t<\/div>\n\t\t<div class=\"elementor-element elementor-element-5b41197 e-flex e-con-boxed e-con e-parent\" data-id=\"5b41197\" data-element_type=\"container\">\n\t\t\t\t\t<div class=\"e-con-inner\">\n\t\t<div class=\"elementor-element elementor-element-4d2cf1d e-con-full e-flex e-con e-child\" data-id=\"4d2cf1d\" data-element_type=\"container\">\n\t\t<div class=\"elementor-element elementor-element-9fc95c5 e-con-full e-flex e-con e-child\" data-id=\"9fc95c5\" data-element_type=\"container\">\n\t\t\t\t<div class=\"elementor-element elementor-element-1b4ca92 elementor-widget elementor-widget-text-editor\" data-id=\"1b4ca92\" data-element_type=\"widget\" data-widget_type=\"text-editor.default\">\n\t\t\t\t\t\t\t\t\t<p>Facturaci\u00f3n electr\u00f3nica<\/p>\t\t\t\t\t\t\t\t<\/div>\n\t\t\t\t<div class=\"elementor-element elementor-element-697dae8 elementor-widget__width-initial elementor-widget elementor-widget-text-editor\" data-id=\"697dae8\" data-element_type=\"widget\" data-widget_type=\"text-editor.default\">\n\t\t\t\t\t\t\t\t\t<p>La factura electr\u00f3nica llegara al correo registrado, aseg\u00farate de revisar y guardar tu factura para cualquier referencia futura. Si no recibe la factura por favor contacte nuestro servicio al cliente para resolver cualquier inconveniente.<br \/><br \/><\/p>\t\t\t\t\t\t\t\t<\/div>\n\t\t\t\t<\/div>\n\t\t\t\t<\/div>\n\t\t<div class=\"elementor-element elementor-element-4466753 e-con-full e-flex e-con e-child\" data-id=\"4466753\" data-element_type=\"container\">\n\t\t<div class=\"elementor-element elementor-element-fd736f9 e-con-full e-flex e-con e-child\" data-id=\"fd736f9\" data-element_type=\"container\">\n\t\t\t\t<div class=\"elementor-element elementor-element-7788619 elementor-widget elementor-widget-text-editor\" data-id=\"7788619\" data-element_type=\"widget\" data-widget_type=\"text-editor.default\">\n\t\t\t\t\t\t\t\t\t<p>Informaci\u00f3n obligatoria para PEP<\/p>\t\t\t\t\t\t\t\t<\/div>\n\t\t\t\t<div class=\"elementor-element elementor-element-8d17fc0 elementor-widget__width-initial elementor-widget elementor-widget-text-editor\" data-id=\"8d17fc0\" data-element_type=\"widget\" data-widget_type=\"text-editor.default\">\n\t\t\t\t\t\t\t\t\t<p>Es obligatorio que nos informe si usted es una PEP (persona expuesta pol\u00edticamente), maneja fondos del estado, es c\u00f3nyuge, compa\u00f1ero(a) permanente o familiar de un PEP hasta el segundo grado de consanguinidad.<\/p>\t\t\t\t\t\t\t\t<\/div>\n\t\t\t\t<\/div>\n\t\t\t\t<\/div>\n\t\t\t\t\t<\/div>\n\t\t\t\t<\/div>\n\t\t<div class=\"elementor-element elementor-element-0a3ab52 e-flex e-con-boxed e-con e-parent\" data-id=\"0a3ab52\" data-element_type=\"container\" data-settings=\"{&quot;background_background&quot;:&quot;classic&quot;}\">\n\t\t\t\t\t<div class=\"e-con-inner\">\n\t\t<div class=\"elementor-element elementor-element-6aa7525 e-con-full e-flex e-con e-child\" data-id=\"6aa7525\" data-element_type=\"container\">\n\t\t\t\t<div class=\"elementor-element elementor-element-29e12d4 elementor-view-default elementor-widget elementor-widget-icon\" data-id=\"29e12d4\" data-element_type=\"widget\" data-widget_type=\"icon.default\">\n\t\t\t\t\t\t\t<div class=\"elementor-icon-wrapper\">\n\t\t\t<div class=\"elementor-icon\">\n\t\t\t<svg aria-hidden=\"true\" class=\"e-font-icon-svg e-far-file-pdf\" viewbox=\"0 0 384 512\" xmlns=\"http:\/\/www.w3.org\/2000\/svg\"><path d=\"M369.9 97.9L286 14C277 5 264.8-.1 252.1-.1H48C21.5 0 0 21.5 0 48v416c0 26.5 21.5 48 48 48h288c26.5 0 48-21.5 48-48V131.9c0-12.7-5.1-25-14.1-34zM332.1 128H256V51.9l76.1 76.1zM48 464V48h160v104c0 13.3 10.7 24 24 24h104v288H48zm250.2-143.7c-12.2-12-47-8.7-64.4-6.5-17.2-10.5-28.7-25-36.8-46.3 3.9-16.1 10.1-40.6 5.4-56-4.2-26.2-37.8-23.6-42.6-5.9-4.4 16.1-.4 38.5 7 67.1-10 23.9-24.9 56-35.4 74.4-20 10.3-47 26.2-51 46.2-3.3 15.8 26 55.2 76.1-31.2 22.4-7.4 46.8-16.5 68.4-20.1 18.9 10.2 41 17 55.8 17 25.5 0 28-28.2 17.5-38.7zm-198.1 77.8c5.1-13.7 24.5-29.5 30.4-35-19 30.3-30.4 35.7-30.4 35zm81.6-190.6c7.4 0 6.7 32.1 1.8 40.8-4.4-13.9-4.3-40.8-1.8-40.8zm-24.4 136.6c9.7-16.9 18-37 24.7-54.7 8.3 15.1 18.9 27.2 30.1 35.5-20.8 4.3-38.9 13.1-54.8 19.2zm131.6-5s-5 6-37.3-7.8c35.1-2.6 40.9 5.4 37.3 7.8z\"><\/path><\/svg>\t\t\t<\/div>\n\t\t<\/div>\n\t\t\t\t\t\t<\/div>\n\t\t\t\t<\/div>\n\t\t<div class=\"elementor-element elementor-element-2fff649 e-con-full e-flex e-con e-child\" data-id=\"2fff649\" data-element_type=\"container\">\n\t\t\t\t<div class=\"elementor-element elementor-element-f5be297 elementor-widget__width-initial elementor-widget elementor-widget-heading\" data-id=\"f5be297\" data-element_type=\"widget\" data-widget_type=\"heading.default\">\n\t\t\t\t\t<h2 class=\"elementor-heading-title elementor-size-default\">Conoce La Normatividad Vigente<\/h2>\t\t\t\t<\/div>\n\t\t\t\t<div class=\"elementor-element elementor-element-f9e431a elementor-widget elementor-widget-text-editor\" data-id=\"f9e431a\" data-element_type=\"widget\" data-widget_type=\"text-editor.default\">\n\t\t\t\t\t\t\t\t\t<p>Resoluci\u00f3n 210 del 08 de Mayo\/2025 Expedida por la DIAN<\/p>\t\t\t\t\t\t\t\t<\/div>\n\t\t\t\t<\/div>\n\t\t<div class=\"elementor-element elementor-element-3073fae e-con-full e-flex e-con e-child\" data-id=\"3073fae\" data-element_type=\"container\">\n\t\t\t\t<div class=\"elementor-element elementor-element-39cb672 elementor-widget elementor-widget-button\" data-id=\"39cb672\" data-element_type=\"widget\" data-widget_type=\"button.default\">\n\t\t\t\t\t\t\t\t\t\t<a class=\"elementor-button elementor-button-link elementor-size-sm\" href=\"https:\/\/newexchangecenter.com\/wp-content\/uploads\/2025\/10\/RESOLUCION-210-DE-2025-DIAN-BASICA.pdf\" target=\"_blank\">\n\t\t\t\t\t\t<span class=\"elementor-button-content-wrapper\">\n\t\t\t\t\t\t\t\t\t<span class=\"elementor-button-text\">Ver PDF<\/span>\n\t\t\t\t\t<\/span>\n\t\t\t\t\t<\/a>\n\t\t\t\t\t\t\t\t<\/div>\n\t\t\t\t<\/div>\n\t\t\t\t\t<\/div>\n\t\t\t\t<\/div>\n\t\t<div class=\"elementor-element elementor-element-55d4694 e-flex e-con-boxed e-con e-parent\" data-id=\"55d4694\" data-element_type=\"container\">\n\t\t\t\t\t<div class=\"e-con-inner\">\n\t\t\t\t<div class=\"elementor-element elementor-element-e604073 elementor-widget elementor-widget-heading\" data-id=\"e604073\" data-element_type=\"widget\" data-widget_type=\"heading.default\">\n\t\t\t\t\t<h2 class=\"elementor-heading-title elementor-size-default\">Do you have any questions?\n<\/h2>\t\t\t\t<\/div>\n\t\t\t\t<div class=\"elementor-element elementor-element-fb036e1 elementor-align-center elementor-widget elementor-widget-button\" data-id=\"fb036e1\" data-element_type=\"widget\" data-widget_type=\"button.default\">\n\t\t\t\t\t\t\t\t\t\t<a class=\"elementor-button elementor-button-link elementor-size-sm\" href=\"#\">\n\t\t\t\t\t\t<span class=\"elementor-button-content-wrapper\">\n\t\t\t\t\t\t\t\t\t<span class=\"elementor-button-text\"> Contact us!<\/span>\n\t\t\t\t\t<\/span>\n\t\t\t\t\t<\/a>\n\t\t\t\t\t\t\t\t<\/div>\n\t\t\t\t\t<\/div>\n\t\t\t\t<\/div>\n\t\t\t\t<\/div>","protected":false},"excerpt":{"rendered":"<p>Requisitos para Operaciones de Cambio En New Exchange Center, estamos comprometidos con la seguridad y la transparencia en todas nuestras [&hellip;]<\/p>","protected":false},"author":1,"featured_media":0,"parent":0,"menu_order":0,"comment_status":"closed","ping_status":"closed","template":"elementor_canvas","meta":{"site-sidebar-layout":"no-sidebar","site-content-layout":"","ast-site-content-layout":"full-width-container","site-content-style":"default","site-sidebar-style":"default","ast-global-header-display":"","ast-banner-title-visibility":"","ast-main-header-display":"","ast-hfb-above-header-display":"","ast-hfb-below-header-display":"","ast-hfb-mobile-header-display":"","site-post-title":"","ast-breadcrumbs-content":"","ast-featured-img":"disabled","footer-sml-layout":"","theme-transparent-header-meta":"","adv-header-id-meta":"","stick-header-meta":"","header-above-stick-meta":"","header-main-stick-meta":"","header-below-stick-meta":"","astra-migrate-meta-layouts":"default","ast-page-background-enabled":"default","ast-page-background-meta":{"desktop":{"background-color":"var(--ast-global-color-5)","background-image":"","background-repeat":"repeat","background-position":"center center","background-size":"auto","background-attachment":"scroll","background-type":"","background-media":"","overlay-type":"","overlay-color":"","overlay-opacity":"","overlay-gradient":""},"tablet":{"background-color":"","background-image":"","background-repeat":"repeat","background-position":"center center","background-size":"auto","background-attachment":"scroll","background-type":"","background-media":"","overlay-type":"","overlay-color":"","overlay-opacity":"","overlay-gradient":""},"mobile":{"background-color":"","background-image":"","background-repeat":"repeat","background-position":"center center","background-size":"auto","background-attachment":"scroll","background-type":"","background-media":"","overlay-type":"","overlay-color":"","overlay-opacity":"","overlay-gradient":""}},"ast-content-background-meta":{"desktop":{"background-color":"var(--ast-global-color-4)","background-image":"","background-repeat":"repeat","background-position":"center center","background-size":"auto","background-attachment":"scroll","background-type":"","background-media":"","overlay-type":"","overlay-color":"","overlay-opacity":"","overlay-gradient":""},"tablet":{"background-color":"var(--ast-global-color-4)","background-image":"","background-repeat":"repeat","background-position":"center center","background-size":"auto","background-attachment":"scroll","background-type":"","background-media":"","overlay-type":"","overlay-color":"","overlay-opacity":"","overlay-gradient":""},"mobile":{"background-color":"var(--ast-global-color-4)","background-image":"","background-repeat":"repeat","background-position":"center center","background-size":"auto","background-attachment":"scroll","background-type":"","background-media":"","overlay-type":"","overlay-color":"","overlay-opacity":"","overlay-gradient":""}},"footnotes":""},"class_list":["post-572","page","type-page","status-publish","hentry"],"yoast_head":"<!-- This site is optimized with the Yoast SEO plugin v26.2 - https:\/\/yoast.com\/wordpress\/plugins\/seo\/ -->\n<title>Requisitos - newexchangecenter.com<\/title>\n<meta name=\"robots\" content=\"index, follow, max-snippet:-1, max-image-preview:large, max-video-preview:-1\" \/>\n<link rel=\"canonical\" href=\"https:\/\/newexchangecenter.com\/en\/requisitos\/\" \/>\n<meta property=\"og:locale\" content=\"en_US\" \/>\n<meta property=\"og:type\" content=\"article\" \/>\n<meta property=\"og:title\" content=\"Requisitos - newexchangecenter.com\" \/>\n<meta property=\"og:description\" content=\"Requisitos para Operaciones de Cambio En New Exchange Center, estamos comprometidos con la seguridad y la transparencia en todas nuestras [&hellip;]\" \/>\n<meta property=\"og:url\" content=\"https:\/\/newexchangecenter.com\/en\/requisitos\/\" \/>\n<meta property=\"og:site_name\" content=\"newexchangecenter.com\" \/>\n<meta property=\"article:modified_time\" content=\"2025-10-27T22:02:42+00:00\" \/>\n<meta property=\"og:image\" content=\"https:\/\/newexchangecenter.com\/wp-content\/uploads\/2025\/10\/Diseno-sin-titulo-48.png\" \/>\n\t<meta property=\"og:image:width\" content=\"800\" \/>\n\t<meta property=\"og:image:height\" content=\"1000\" \/>\n\t<meta property=\"og:image:type\" content=\"image\/png\" \/>\n<meta name=\"twitter:card\" content=\"summary_large_image\" \/>\n<meta name=\"twitter:label1\" content=\"Est. reading time\" \/>\n\t<meta name=\"twitter:data1\" content=\"2 minutes\" \/>\n<script type=\"application\/ld+json\" class=\"yoast-schema-graph\">{\"@context\":\"https:\/\/schema.org\",\"@graph\":[{\"@type\":\"WebPage\",\"@id\":\"https:\/\/newexchangecenter.com\/requisitos\/\",\"url\":\"https:\/\/newexchangecenter.com\/requisitos\/\",\"name\":\"Requisitos - newexchangecenter.com\",\"isPartOf\":{\"@id\":\"https:\/\/newexchangecenter.com\/#website\"},\"primaryImageOfPage\":{\"@id\":\"https:\/\/newexchangecenter.com\/requisitos\/#primaryimage\"},\"image\":{\"@id\":\"https:\/\/newexchangecenter.com\/requisitos\/#primaryimage\"},\"thumbnailUrl\":\"https:\/\/newexchangecenter.com\/wp-content\/uploads\/2025\/10\/Diseno-sin-titulo-48.png\",\"datePublished\":\"2025-10-05T19:43:26+00:00\",\"dateModified\":\"2025-10-27T22:02:42+00:00\",\"breadcrumb\":{\"@id\":\"https:\/\/newexchangecenter.com\/requisitos\/#breadcrumb\"},\"inLanguage\":\"en-US\",\"potentialAction\":[{\"@type\":\"ReadAction\",\"target\":[\"https:\/\/newexchangecenter.com\/requisitos\/\"]}]},{\"@type\":\"ImageObject\",\"inLanguage\":\"en-US\",\"@id\":\"https:\/\/newexchangecenter.com\/requisitos\/#primaryimage\",\"url\":\"https:\/\/newexchangecenter.com\/wp-content\/uploads\/2025\/10\/Diseno-sin-titulo-48.png\",\"contentUrl\":\"https:\/\/newexchangecenter.com\/wp-content\/uploads\/2025\/10\/Diseno-sin-titulo-48.png\"},{\"@type\":\"BreadcrumbList\",\"@id\":\"https:\/\/newexchangecenter.com\/requisitos\/#breadcrumb\",\"itemListElement\":[{\"@type\":\"ListItem\",\"position\":1,\"name\":\"Inicio\",\"item\":\"https:\/\/newexchangecenter.com\/\"},{\"@type\":\"ListItem\",\"position\":2,\"name\":\"Requisitos\"}]},{\"@type\":\"WebSite\",\"@id\":\"https:\/\/newexchangecenter.com\/#website\",\"url\":\"https:\/\/newexchangecenter.com\/\",\"name\":\"newexchangecenter.com\",\"description\":\"\",\"potentialAction\":[{\"@type\":\"SearchAction\",\"target\":{\"@type\":\"EntryPoint\",\"urlTemplate\":\"https:\/\/newexchangecenter.com\/?s={search_term_string}\"},\"query-input\":{\"@type\":\"PropertyValueSpecification\",\"valueRequired\":true,\"valueName\":\"search_term_string\"}}],\"inLanguage\":\"en-US\"}]}<\/script>\n<!-- \/ Yoast SEO plugin. -->","yoast_head_json":{"title":"Requisitos - newexchangecenter.com","robots":{"index":"index","follow":"follow","max-snippet":"max-snippet:-1","max-image-preview":"max-image-preview:large","max-video-preview":"max-video-preview:-1"},"canonical":"https:\/\/newexchangecenter.com\/en\/requisitos\/","og_locale":"en_US","og_type":"article","og_title":"Requisitos - newexchangecenter.com","og_description":"Requisitos para Operaciones de Cambio En New Exchange Center, estamos comprometidos con la seguridad y la transparencia en todas nuestras [&hellip;]","og_url":"https:\/\/newexchangecenter.com\/en\/requisitos\/","og_site_name":"newexchangecenter.com","article_modified_time":"2025-10-27T22:02:42+00:00","og_image":[{"width":800,"height":1000,"url":"https:\/\/newexchangecenter.com\/wp-content\/uploads\/2025\/10\/Diseno-sin-titulo-48.png","type":"image\/png"}],"twitter_card":"summary_large_image","twitter_misc":{"Est. reading time":"2 minutes"},"schema":{"@context":"https:\/\/schema.org","@graph":[{"@type":"WebPage","@id":"https:\/\/newexchangecenter.com\/requisitos\/","url":"https:\/\/newexchangecenter.com\/requisitos\/","name":"Requisitos - newexchangecenter.com","isPartOf":{"@id":"https:\/\/newexchangecenter.com\/#website"},"primaryImageOfPage":{"@id":"https:\/\/newexchangecenter.com\/requisitos\/#primaryimage"},"image":{"@id":"https:\/\/newexchangecenter.com\/requisitos\/#primaryimage"},"thumbnailUrl":"https:\/\/newexchangecenter.com\/wp-content\/uploads\/2025\/10\/Diseno-sin-titulo-48.png","datePublished":"2025-10-05T19:43:26+00:00","dateModified":"2025-10-27T22:02:42+00:00","breadcrumb":{"@id":"https:\/\/newexchangecenter.com\/requisitos\/#breadcrumb"},"inLanguage":"en-US","potentialAction":[{"@type":"ReadAction","target":["https:\/\/newexchangecenter.com\/requisitos\/"]}]},{"@type":"ImageObject","inLanguage":"en-US","@id":"https:\/\/newexchangecenter.com\/requisitos\/#primaryimage","url":"https:\/\/newexchangecenter.com\/wp-content\/uploads\/2025\/10\/Diseno-sin-titulo-48.png","contentUrl":"https:\/\/newexchangecenter.com\/wp-content\/uploads\/2025\/10\/Diseno-sin-titulo-48.png"},{"@type":"BreadcrumbList","@id":"https:\/\/newexchangecenter.com\/requisitos\/#breadcrumb","itemListElement":[{"@type":"ListItem","position":1,"name":"Inicio","item":"https:\/\/newexchangecenter.com\/"},{"@type":"ListItem","position":2,"name":"Requisitos"}]},{"@type":"WebSite","@id":"https:\/\/newexchangecenter.com\/#website","url":"https:\/\/newexchangecenter.com\/","name":"newexchangecenter.com","description":"","potentialAction":[{"@type":"SearchAction","target":{"@type":"EntryPoint","urlTemplate":"https:\/\/newexchangecenter.com\/?s={search_term_string}"},"query-input":{"@type":"PropertyValueSpecification","valueRequired":true,"valueName":"search_term_string"}}],"inLanguage":"en-US"}]}},"_hostinger_reach_plugin_has_subscription_block":false,"_hostinger_reach_plugin_is_elementor":false,"_links":{"self":[{"href":"https:\/\/newexchangecenter.com\/en\/wp-json\/wp\/v2\/pages\/572","targetHints":{"allow":["GET"]}}],"collection":[{"href":"https:\/\/newexchangecenter.com\/en\/wp-json\/wp\/v2\/pages"}],"about":[{"href":"https:\/\/newexchangecenter.com\/en\/wp-json\/wp\/v2\/types\/page"}],"author":[{"embeddable":true,"href":"https:\/\/newexchangecenter.com\/en\/wp-json\/wp\/v2\/users\/1"}],"replies":[{"embeddable":true,"href":"https:\/\/newexchangecenter.com\/en\/wp-json\/wp\/v2\/comments?post=572"}],"version-history":[{"count":64,"href":"https:\/\/newexchangecenter.com\/en\/wp-json\/wp\/v2\/pages\/572\/revisions"}],"predecessor-version":[{"id":868,"href":"https:\/\/newexchangecenter.com\/en\/wp-json\/wp\/v2\/pages\/572\/revisions\/868"}],"wp:attachment":[{"href":"https:\/\/newexchangecenter.com\/en\/wp-json\/wp\/v2\/media?parent=572"}],"curies":[{"name":"wp","href":"https:\/\/api.w.org\/{rel}","templated":true}]}}